{"id":1653,"date":"2022-01-24T13:30:01","date_gmt":"2022-01-24T18:30:01","guid":{"rendered":"https:\/\/www.danielbeaule.com\/about\/"},"modified":"2022-10-20T16:20:14","modified_gmt":"2022-10-20T20:20:14","slug":"about","status":"publish","type":"page","link":"https:\/\/www.danielbeaule.com\/en\/about\/","title":{"rendered":"About"},"content":{"rendered":"<p>[et_pb_section fb_built=&#8221;1&#8243; fullwidth=&#8221;on&#8221; _builder_version=&#8221;4.17.2&#8243; _module_preset=&#8221;default&#8221; border_width_right=&#8221;25px&#8221; border_color_right=&#8221;#FFFFFF&#8221; border_width_left=&#8221;25px&#8221; border_color_left=&#8221;#FFFFFF&#8221; global_module=&#8221;555&#8243; saved_tabs=&#8221;all&#8221; global_colors_info=&#8221;{}&#8221;][et_pb_fullwidth_header title=&#8221;@ET-DC@eyJkeW5hbWljIjp0cnVlLCJjb250ZW50IjoicG9zdF90aXRsZSIsInNldHRpbmdzIjp7ImJlZm9yZSI6IiIsImFmdGVyIjoiIn19@&#8221; admin_label=&#8221;Ent\u00eate accueil&#8221; _builder_version=&#8221;4.17.3&#8243; _dynamic_attributes=&#8221;background_image,title&#8221; _module_preset=&#8221;default&#8221; title_font=&#8221;|700|||||||&#8221; title_text_align=&#8221;left&#8221; background_enable_color=&#8221;off&#8221; background_image=&#8221;@ET-DC@eyJkeW5hbWljIjp0cnVlLCJjb250ZW50IjoicG9zdF9mZWF0dXJlZF9pbWFnZSIsInNldHRpbmdzIjp7fX0=@&#8221; parallax=&#8221;on&#8221; parallax_method=&#8221;on&#8221; background_layout=&#8221;light&#8221; width=&#8221;100%&#8221; module_alignment=&#8221;right&#8221; min_height=&#8221;600px&#8221; height=&#8221;40vh&#8221; animation_style=&#8221;slide&#8221; animation_direction=&#8221;left&#8221; animation_intensity_slide=&#8221;8%&#8221; animation_starting_opacity=&#8221;100%&#8221; hover_enabled=&#8221;0&#8243; custom_css_header_container=&#8221;width: 50%;||max-width: 2000px;||padding: 20px 50px;||position: absolute;||bottom: 0;||background-color: #f1a053;||left: 0;&#8221; border_width_all_image=&#8221;25px&#8221; border_color_all_image=&#8221;#FFFFFF&#8221; global_colors_info=&#8221;{}&#8221; title_line_height_last_edited=&#8221;on|phone&#8221; sticky_enabled=&#8221;0&#8243; title_line_height_phone=&#8221;1em&#8221; title_font_size_last_edited=&#8221;on|phone&#8221; title_font_size_phone=&#8221;32px&#8221; custom_margin_last_edited=&#8221;on|phone&#8221; custom_padding=&#8221;0px||||false|false&#8221; border_style_all_image_last_edited=&#8221;on|phone&#8221; width_last_edited=&#8221;on|phone&#8221; module_alignment_last_edited=&#8221;on|phone&#8221; custom_margin_phone=&#8221;-150px|0px|||false|false&#8221; width_tablet=&#8221;100%&#8221; width_phone=&#8221;100%&#8221; module_alignment_tablet=&#8221;right&#8221; module_alignment_phone=&#8221;right&#8221;][\/et_pb_fullwidth_header][\/et_pb_section][et_pb_section fb_built=&#8221;1&#8243; admin_label=&#8221;JeSuis&#8221; _builder_version=&#8221;4.17.0&#8243; _module_preset=&#8221;default&#8221; background_enable_color=&#8221;off&#8221; global_colors_info=&#8221;{}&#8221;][et_pb_row column_structure=&#8221;1_2,1_2&#8243; _builder_version=&#8221;4.17.3&#8243; _module_preset=&#8221;default&#8221; hover_enabled=&#8221;0&#8243; global_colors_info=&#8221;{}&#8221; custom_margin_last_edited=&#8221;on|phone&#8221; custom_padding=&#8221;17px||52px|0px|false|false&#8221; height_last_edited=&#8221;on|phone&#8221; sticky_enabled=&#8221;0&#8243;][et_pb_column type=&#8221;1_2&#8243; _builder_version=&#8221;4.16&#8243; _module_preset=&#8221;default&#8221; global_colors_info=&#8221;{}&#8221;][et_pb_text _builder_version=&#8221;4.16&#8243; _module_preset=&#8221;default&#8221; global_colors_info=&#8221;{}&#8221;]<\/p>\n<h1>Who I am :<\/h1>\n<p>[\/et_pb_text][et_pb_text _builder_version=&#8221;4.17.3&#8243; _module_preset=&#8221;default&#8221; custom_padding=&#8221;||0px|||&#8221; global_colors_info=&#8221;{}&#8221;]<\/p>\n<ul>\n<li><span style=\"font-weight: 400;\">Strategic guide and coach in management for close to 12 years<\/span><\/li>\n<li style=\"font-weight: 400;\" aria-level=\"1\"><span style=\"font-weight: 400;\">President and cheerleader of Service \u00c9lectrom\u00e9nagers since 2011<\/span><\/li>\n<li style=\"font-weight: 400;\" aria-level=\"1\"><span style=\"font-weight: 400;\">Mentor with R\u00e9seau Mentorat since 2015<\/span><\/li>\n<li style=\"font-weight: 400;\" aria-level=\"1\"><span style=\"font-weight: 400;\">President of the Regional Mentor Committee of Montr\u00e9al since 2019<\/span><\/li>\n<li>Conference speaker and jury, Ose entreprendre Contest, since 2016<\/li>\n<\/ul>\n<p>[\/et_pb_text][\/et_pb_column][et_pb_column type=&#8221;1_2&#8243; _builder_version=&#8221;4.16&#8243; _module_preset=&#8221;default&#8221; global_colors_info=&#8221;{}&#8221;][et_pb_text _builder_version=&#8221;4.17.3&#8243; _module_preset=&#8221;default&#8221; custom_margin=&#8221;69px||||false|false&#8221; hover_enabled=&#8221;0&#8243; global_colors_info=&#8221;{}&#8221; min_height=&#8221;111px&#8221; custom_margin_last_edited=&#8221;on|phone&#8221; custom_margin_phone=&#8221;-55px||-82px||false|false&#8221; sticky_enabled=&#8221;0&#8243; custom_margin_tablet=&#8221;69px||||false|false&#8221;]<\/p>\n<ul>\n<li><span style=\"font-weight: 400;\">Conference speaker, United Appliance Servicers Associations, Montr\u00e9al, New Orleans, San Diego, Miami, since 2015<\/span><\/li>\n<li style=\"font-weight: 400;\" aria-level=\"1\"><span style=\"font-weight: 400;\">Member of the Board of Directors of La Centrale des artistes since 2020<\/span><\/li>\n<li style=\"font-weight: 400;\" aria-level=\"1\"><span style=\"font-weight: 400;\">Father of two<\/span><\/li>\n<li style=\"font-weight: 400;\" aria-level=\"1\"><span style=\"font-weight: 400;\">Spouse of an exceptional woman for close to 25 years<\/span><\/li>\n<\/ul>\n<p>[\/et_pb_text][\/et_pb_column][\/et_pb_row][\/et_pb_section][et_pb_section fb_built=&#8221;1&#8243; _builder_version=&#8221;4.17.0&#8243; _module_preset=&#8221;default&#8221; background_color=&#8221;#eff0f0&#8243; border_width_right=&#8221;25px&#8221; border_color_right=&#8221;#FFFFFF&#8221; border_width_bottom=&#8221;25px&#8221; border_color_bottom=&#8221;#FFFFFF&#8221; border_width_left=&#8221;25px&#8221; border_color_left=&#8221;#FFFFFF&#8221; global_colors_info=&#8221;{}&#8221;][et_pb_row column_structure=&#8221;1_2,1_2&#8243; _builder_version=&#8221;4.16&#8243; _module_preset=&#8221;default&#8221; global_colors_info=&#8221;{}&#8221;][et_pb_column type=&#8221;1_2&#8243; _builder_version=&#8221;4.16&#8243; _module_preset=&#8221;default&#8221; global_colors_info=&#8221;{}&#8221;][et_pb_text _builder_version=&#8221;4.17.3&#8243; _module_preset=&#8221;default&#8221; text_text_color=&#8221;#FFFFFF&#8221; header_2_text_color=&#8221;#FFFFFF&#8221; header_2_line_height=&#8221;1.7em&#8221; background_image=&#8221;https:\/\/www.danielbeaule.com\/wp-content\/uploads\/2022\/04\/matt-howard-A4iL43vunlY-unsplash_1000px.jpg&#8221; custom_padding=&#8221;200px|12%|0px|12%|false|false&#8221; global_colors_info=&#8221;{}&#8221;]<\/p>\n<h2>My life&#8217;s mission<\/h2>\n<p><span style=\"font-weight: 400;\">Through my empaphy and pragmatism, to inspire people I meet to take control of their destiny.<\/span><\/p>\n<p>&nbsp;<\/p>\n<p>[\/et_pb_text][\/et_pb_column][et_pb_column type=&#8221;1_2&#8243; _builder_version=&#8221;4.16&#8243; _module_preset=&#8221;default&#8221; global_colors_info=&#8221;{}&#8221;][et_pb_text _builder_version=&#8221;4.17.3&#8243; _module_preset=&#8221;default&#8221; text_text_color=&#8221;#FFFFFF&#8221; header_text_color=&#8221;#FFFFFF&#8221; header_2_text_color=&#8221;#FFFFFF&#8221; header_2_line_height=&#8221;1.7em&#8221; background_image=&#8221;https:\/\/www.danielbeaule.com\/wp-content\/uploads\/2022\/04\/valeur.jpg&#8221; background_layout=&#8221;dark&#8221; custom_padding=&#8221;200px|12%|0px|12%|false|true&#8221; global_colors_info=&#8221;{}&#8221;]<\/p>\n<h2>My purpose<\/h2>\n<p>Our world will become a better place when influent and caring people work together to make a better world.<\/p>\n<p>&nbsp;<\/p>\n<p>[\/et_pb_text][\/et_pb_column][\/et_pb_row][\/et_pb_section]<\/p>\n","protected":false},"excerpt":{"rendered":"<p>Who I am : Strategic guide and coach in management for close to 12 years President and cheerleader of Service \u00c9lectrom\u00e9nagers since 2011 Mentor with R\u00e9seau Mentorat since 2015 President of the Regional Mentor Committee of Montr\u00e9al since 2019 Conference speaker and jury, Ose entreprendre Contest, since 2016 Conference speaker, United Appliance Servicers Associations, Montr\u00e9al, [&hellip;]<\/p>\n","protected":false},"author":1,"featured_media":1602,"parent":0,"menu_order":0,"comment_status":"closed","ping_status":"closed","template":"","meta":{"_et_pb_use_builder":"on","_et_pb_old_content":"","_et_gb_content_width":"","footnotes":""},"class_list":["post-1653","page","type-page","status-publish","has-post-thumbnail","hentry"],"yoast_head":"<!-- This site is optimized with the Yoast SEO plugin v27.4 - https:\/\/yoast.com\/product\/yoast-seo-wordpress\/ -->\n<title>About - Daniel Beaul\u00e9, coach d&#039;affaires<\/title>\n<meta name=\"robots\" content=\"index, follow, max-snippet:-1, max-image-preview:large, max-video-preview:-1\" \/>\n<link rel=\"canonical\" href=\"https:\/\/www.danielbeaule.com\/en\/about\/\" \/>\n<meta property=\"og:locale\" content=\"en_US\" \/>\n<meta property=\"og:type\" content=\"article\" \/>\n<meta property=\"og:title\" content=\"About - Daniel Beaul\u00e9, coach d&#039;affaires\" \/>\n<meta property=\"og:description\" content=\"Who I am : Strategic guide and coach in management for close to 12 years President and cheerleader of Service \u00c9lectrom\u00e9nagers since 2011 Mentor with R\u00e9seau Mentorat since 2015 President of the Regional Mentor Committee of Montr\u00e9al since 2019 Conference speaker and jury, Ose entreprendre Contest, since 2016 Conference speaker, United Appliance Servicers Associations, Montr\u00e9al, [&hellip;]\" \/>\n<meta property=\"og:url\" content=\"https:\/\/www.danielbeaule.com\/en\/about\/\" \/>\n<meta property=\"og:site_name\" content=\"Daniel Beaul\u00e9, coach d&#039;affaires\" \/>\n<meta property=\"article:modified_time\" content=\"2022-10-20T20:20:14+00:00\" \/>\n<meta property=\"og:image\" content=\"https:\/\/www.danielbeaule.com\/wp-content\/uploads\/2022\/04\/a-propos.jpg\" \/>\n\t<meta property=\"og:image:width\" content=\"2000\" \/>\n\t<meta property=\"og:image:height\" content=\"800\" \/>\n\t<meta property=\"og:image:type\" content=\"image\/jpeg\" \/>\n<meta name=\"twitter:card\" content=\"summary_large_image\" \/>\n<script type=\"application\/ld+json\" class=\"yoast-schema-graph\">{\"@context\":\"https:\\\/\\\/schema.org\",\"@graph\":[{\"@type\":\"WebPage\",\"@id\":\"https:\\\/\\\/www.danielbeaule.com\\\/en\\\/about\\\/\",\"url\":\"https:\\\/\\\/www.danielbeaule.com\\\/en\\\/about\\\/\",\"name\":\"About - Daniel Beaul\u00e9, coach d'affaires\",\"isPartOf\":{\"@id\":\"https:\\\/\\\/www.danielbeaule.com\\\/#website\"},\"primaryImageOfPage\":{\"@id\":\"https:\\\/\\\/www.danielbeaule.com\\\/en\\\/about\\\/#primaryimage\"},\"image\":{\"@id\":\"https:\\\/\\\/www.danielbeaule.com\\\/en\\\/about\\\/#primaryimage\"},\"thumbnailUrl\":\"https:\\\/\\\/www.danielbeaule.com\\\/wp-content\\\/uploads\\\/2022\\\/04\\\/a-propos.jpg\",\"datePublished\":\"2022-01-24T18:30:01+00:00\",\"dateModified\":\"2022-10-20T20:20:14+00:00\",\"breadcrumb\":{\"@id\":\"https:\\\/\\\/www.danielbeaule.com\\\/en\\\/about\\\/#breadcrumb\"},\"inLanguage\":\"en-US\",\"potentialAction\":[{\"@type\":\"ReadAction\",\"target\":[\"https:\\\/\\\/www.danielbeaule.com\\\/en\\\/about\\\/\"]}]},{\"@type\":\"ImageObject\",\"inLanguage\":\"en-US\",\"@id\":\"https:\\\/\\\/www.danielbeaule.com\\\/en\\\/about\\\/#primaryimage\",\"url\":\"https:\\\/\\\/www.danielbeaule.com\\\/wp-content\\\/uploads\\\/2022\\\/04\\\/a-propos.jpg\",\"contentUrl\":\"https:\\\/\\\/www.danielbeaule.com\\\/wp-content\\\/uploads\\\/2022\\\/04\\\/a-propos.jpg\",\"width\":2000,\"height\":800},{\"@type\":\"BreadcrumbList\",\"@id\":\"https:\\\/\\\/www.danielbeaule.com\\\/en\\\/about\\\/#breadcrumb\",\"itemListElement\":[{\"@type\":\"ListItem\",\"position\":1,\"name\":\"Accueil\",\"item\":\"https:\\\/\\\/www.danielbeaule.com\\\/en\\\/home\\\/\"},{\"@type\":\"ListItem\",\"position\":2,\"name\":\"About\"}]},{\"@type\":\"WebSite\",\"@id\":\"https:\\\/\\\/www.danielbeaule.com\\\/#website\",\"url\":\"https:\\\/\\\/www.danielbeaule.com\\\/\",\"name\":\"Daniel Beaul\u00e9, coach d'affaires\",\"description\":\"Lib\u00e9rer le potentiel du dirigeant pour mieux servir l'entreprise\",\"publisher\":{\"@id\":\"https:\\\/\\\/www.danielbeaule.com\\\/#organization\"},\"potentialAction\":[{\"@type\":\"SearchAction\",\"target\":{\"@type\":\"EntryPoint\",\"urlTemplate\":\"https:\\\/\\\/www.danielbeaule.com\\\/?s={search_term_string}\"},\"query-input\":{\"@type\":\"PropertyValueSpecification\",\"valueRequired\":true,\"valueName\":\"search_term_string\"}}],\"inLanguage\":\"en-US\"},{\"@type\":\"Organization\",\"@id\":\"https:\\\/\\\/www.danielbeaule.com\\\/#organization\",\"name\":\"Daniel Beaul\u00e9\",\"url\":\"https:\\\/\\\/www.danielbeaule.com\\\/\",\"logo\":{\"@type\":\"ImageObject\",\"inLanguage\":\"en-US\",\"@id\":\"https:\\\/\\\/www.danielbeaule.com\\\/#\\\/schema\\\/logo\\\/image\\\/\",\"url\":\"https:\\\/\\\/www.danielbeaule.com\\\/wp-content\\\/uploads\\\/2022\\\/01\\\/daniel-beaule-logo-rgb_logo-h-noir.svg\",\"contentUrl\":\"https:\\\/\\\/www.danielbeaule.com\\\/wp-content\\\/uploads\\\/2022\\\/01\\\/daniel-beaule-logo-rgb_logo-h-noir.svg\",\"width\":567,\"height\":144,\"caption\":\"Daniel Beaul\u00e9\"},\"image\":{\"@id\":\"https:\\\/\\\/www.danielbeaule.com\\\/#\\\/schema\\\/logo\\\/image\\\/\"}}]}<\/script>\n<!-- \/ Yoast SEO plugin. -->","yoast_head_json":{"title":"About - Daniel Beaul\u00e9, coach d'affaires","robots":{"index":"index","follow":"follow","max-snippet":"max-snippet:-1","max-image-preview":"max-image-preview:large","max-video-preview":"max-video-preview:-1"},"canonical":"https:\/\/www.danielbeaule.com\/en\/about\/","og_locale":"en_US","og_type":"article","og_title":"About - Daniel Beaul\u00e9, coach d'affaires","og_description":"Who I am : Strategic guide and coach in management for close to 12 years President and cheerleader of Service \u00c9lectrom\u00e9nagers since 2011 Mentor with R\u00e9seau Mentorat since 2015 President of the Regional Mentor Committee of Montr\u00e9al since 2019 Conference speaker and jury, Ose entreprendre Contest, since 2016 Conference speaker, United Appliance Servicers Associations, Montr\u00e9al, [&hellip;]","og_url":"https:\/\/www.danielbeaule.com\/en\/about\/","og_site_name":"Daniel Beaul\u00e9, coach d'affaires","article_modified_time":"2022-10-20T20:20:14+00:00","og_image":[{"width":2000,"height":800,"url":"https:\/\/www.danielbeaule.com\/wp-content\/uploads\/2022\/04\/a-propos.jpg","type":"image\/jpeg"}],"twitter_card":"summary_large_image","schema":{"@context":"https:\/\/schema.org","@graph":[{"@type":"WebPage","@id":"https:\/\/www.danielbeaule.com\/en\/about\/","url":"https:\/\/www.danielbeaule.com\/en\/about\/","name":"About - Daniel Beaul\u00e9, coach d'affaires","isPartOf":{"@id":"https:\/\/www.danielbeaule.com\/#website"},"primaryImageOfPage":{"@id":"https:\/\/www.danielbeaule.com\/en\/about\/#primaryimage"},"image":{"@id":"https:\/\/www.danielbeaule.com\/en\/about\/#primaryimage"},"thumbnailUrl":"https:\/\/www.danielbeaule.com\/wp-content\/uploads\/2022\/04\/a-propos.jpg","datePublished":"2022-01-24T18:30:01+00:00","dateModified":"2022-10-20T20:20:14+00:00","breadcrumb":{"@id":"https:\/\/www.danielbeaule.com\/en\/about\/#breadcrumb"},"inLanguage":"en-US","potentialAction":[{"@type":"ReadAction","target":["https:\/\/www.danielbeaule.com\/en\/about\/"]}]},{"@type":"ImageObject","inLanguage":"en-US","@id":"https:\/\/www.danielbeaule.com\/en\/about\/#primaryimage","url":"https:\/\/www.danielbeaule.com\/wp-content\/uploads\/2022\/04\/a-propos.jpg","contentUrl":"https:\/\/www.danielbeaule.com\/wp-content\/uploads\/2022\/04\/a-propos.jpg","width":2000,"height":800},{"@type":"BreadcrumbList","@id":"https:\/\/www.danielbeaule.com\/en\/about\/#breadcrumb","itemListElement":[{"@type":"ListItem","position":1,"name":"Accueil","item":"https:\/\/www.danielbeaule.com\/en\/home\/"},{"@type":"ListItem","position":2,"name":"About"}]},{"@type":"WebSite","@id":"https:\/\/www.danielbeaule.com\/#website","url":"https:\/\/www.danielbeaule.com\/","name":"Daniel Beaul\u00e9, coach d'affaires","description":"Lib\u00e9rer le potentiel du dirigeant pour mieux servir l'entreprise","publisher":{"@id":"https:\/\/www.danielbeaule.com\/#organization"},"potentialAction":[{"@type":"SearchAction","target":{"@type":"EntryPoint","urlTemplate":"https:\/\/www.danielbeaule.com\/?s={search_term_string}"},"query-input":{"@type":"PropertyValueSpecification","valueRequired":true,"valueName":"search_term_string"}}],"inLanguage":"en-US"},{"@type":"Organization","@id":"https:\/\/www.danielbeaule.com\/#organization","name":"Daniel Beaul\u00e9","url":"https:\/\/www.danielbeaule.com\/","logo":{"@type":"ImageObject","inLanguage":"en-US","@id":"https:\/\/www.danielbeaule.com\/#\/schema\/logo\/image\/","url":"https:\/\/www.danielbeaule.com\/wp-content\/uploads\/2022\/01\/daniel-beaule-logo-rgb_logo-h-noir.svg","contentUrl":"https:\/\/www.danielbeaule.com\/wp-content\/uploads\/2022\/01\/daniel-beaule-logo-rgb_logo-h-noir.svg","width":567,"height":144,"caption":"Daniel Beaul\u00e9"},"image":{"@id":"https:\/\/www.danielbeaule.com\/#\/schema\/logo\/image\/"}}]}},"_links":{"self":[{"href":"https:\/\/www.danielbeaule.com\/en\/wp-json\/wp\/v2\/pages\/1653","targetHints":{"allow":["GET"]}}],"collection":[{"href":"https:\/\/www.danielbeaule.com\/en\/wp-json\/wp\/v2\/pages"}],"about":[{"href":"https:\/\/www.danielbeaule.com\/en\/wp-json\/wp\/v2\/types\/page"}],"author":[{"embeddable":true,"href":"https:\/\/www.danielbeaule.com\/en\/wp-json\/wp\/v2\/users\/1"}],"replies":[{"embeddable":true,"href":"https:\/\/www.danielbeaule.com\/en\/wp-json\/wp\/v2\/comments?post=1653"}],"version-history":[{"count":2,"href":"https:\/\/www.danielbeaule.com\/en\/wp-json\/wp\/v2\/pages\/1653\/revisions"}],"predecessor-version":[{"id":1655,"href":"https:\/\/www.danielbeaule.com\/en\/wp-json\/wp\/v2\/pages\/1653\/revisions\/1655"}],"wp:featuredmedia":[{"embeddable":true,"href":"https:\/\/www.danielbeaule.com\/en\/wp-json\/wp\/v2\/media\/1602"}],"wp:attachment":[{"href":"https:\/\/www.danielbeaule.com\/en\/wp-json\/wp\/v2\/media?parent=1653"}],"curies":[{"name":"wp","href":"https:\/\/api.w.org\/{rel}","templated":true}]}}